{"id":98,"date":"2018-06-21T16:33:18","date_gmt":"2018-06-21T14:33:18","guid":{"rendered":"http:\/\/condigrainesloire.fr\/?page_id=98"},"modified":"2018-06-25T11:36:58","modified_gmt":"2018-06-25T09:36:58","slug":"presentation","status":"publish","type":"page","link":"https:\/\/condigrainesloire.fr\/?page_id=98","title":{"rendered":"Pr\u00e9sentation"},"content":{"rendered":"<p>[et_pb_section fb_built=\u00a0\u00bb1&Prime; fullwidth=\u00a0\u00bbon\u00a0\u00bb next_background_color=\u00a0\u00bb#ffffff\u00a0\u00bb admin_label=\u00a0\u00bbHeader Section\u00a0\u00bb _builder_version=\u00a0\u00bb3.7.1&Prime; background_color=\u00a0\u00bb#000000&Prime; custom_margin=\u00a0\u00bb||0px|\u00a0\u00bb custom_padding=\u00a0\u00bb||0px|\u00a0\u00bb bottom_divider_style=\u00a0\u00bbramp\u00a0\u00bb bottom_divider_flip=\u00a0\u00bbhorizontal\u00a0\u00bb custom_css_main_element=\u00a0\u00bbheight: 260px;||\u00a0\u00bb][et_pb_fullwidth_header title=\u00a0\u00bbNos Objectifs\u00a0\u00bb text_orientation=\u00a0\u00bbcenter\u00a0\u00bb scroll_down_icon_color=\u00a0\u00bbrgba(255,255,255,0.6)\u00a0\u00bb content_max_width=\u00a0\u00bb640px\u00a0\u00bb _builder_version=\u00a0\u00bb3.7.1&Prime; title_font=\u00a0\u00bbOswald|||on|||||\u00a0\u00bb title_font_size=\u00a0\u00bb55px\u00a0\u00bb title_letter_spacing=\u00a0\u00bb3px\u00a0\u00bb title_line_height=\u00a0\u00bb1.5em\u00a0\u00bb title_text_shadow_style=\u00a0\u00bbpreset3&Prime; title_text_shadow_vertical_length=\u00a0\u00bb0.1em\u00a0\u00bb title_text_shadow_color=\u00a0\u00bbrgba(0,0,0,0.14)\u00a0\u00bb content_font=\u00a0\u00bbLora||||||||\u00a0\u00bb content_font_size=\u00a0\u00bb22px\u00a0\u00bb content_line_height=\u00a0\u00bb2em\u00a0\u00bb subhead_font=\u00a0\u00bbLora|700|||||||\u00a0\u00bb subhead_font_size=\u00a0\u00bb60px\u00a0\u00bb subhead_font_size_phone=\u00a0\u00bb50px\u00a0\u00bb subhead_font_size_last_edited=\u00a0\u00bbon|desktop\u00a0\u00bb subhead_line_height=\u00a0\u00bb1.5em\u00a0\u00bb background_color=\u00a0\u00bbrgba(255,255,255,0)\u00a0\u00bb background_image=\u00a0\u00bbhttp:\/\/condigrainesloire.fr\/wp-content\/uploads\/2018\/06\/3-1.png\u00a0\u00bb custom_button_two=\u00a0\u00bbon\u00a0\u00bb button_two_text_size=\u00a0\u00bb16px\u00a0\u00bb button_two_text_color=\u00a0\u00bb#ffffff\u00a0\u00bb button_two_bg_color=\u00a0\u00bbrgba(255,255,255,0.35)\u00a0\u00bb button_two_border_width=\u00a0\u00bb15px\u00a0\u00bb button_two_border_color=\u00a0\u00bbrgba(0,0,0,0)\u00a0\u00bb button_two_border_radius=\u00a0\u00bb100px\u00a0\u00bb button_two_letter_spacing=\u00a0\u00bb3px\u00a0\u00bb button_two_font=\u00a0\u00bbOswald|||on|||||\u00a0\u00bb button_two_use_icon=\u00a0\u00bboff\u00a0\u00bb button_two_bg_color_hover=\u00a0\u00bb#d29f68&Prime; custom_button_one=\u00a0\u00bbon\u00a0\u00bb button_one_text_size=\u00a0\u00bb16px\u00a0\u00bb button_one_text_color=\u00a0\u00bb#ffffff\u00a0\u00bb button_one_bg_color=\u00a0\u00bb#d29f68&Prime; button_one_border_width=\u00a0\u00bb15px\u00a0\u00bb button_one_border_color=\u00a0\u00bbrgba(210,159,104,0)\u00a0\u00bb button_one_border_radius=\u00a0\u00bb100px\u00a0\u00bb button_one_letter_spacing=\u00a0\u00bb3px\u00a0\u00bb button_one_font=\u00a0\u00bbOswald|||on|||||\u00a0\u00bb button_one_use_icon=\u00a0\u00bboff\u00a0\u00bb button_one_bg_color_hover=\u00a0\u00bb#cc8d66&Prime; button_one_border_radius_hover=\u00a0\u00bb100px\u00a0\u00bb custom_margin=\u00a0\u00bb|||\u00a0\u00bb custom_padding=\u00a0\u00bb90px||90px||true\u00a0\u00bb custom_css_title=\u00a0\u00bbmargin-top: -45px;\u00a0\u00bb][\/et_pb_fullwidth_header][\/et_pb_section][et_pb_section fb_built=\u00a0\u00bb1&Prime; _builder_version=\u00a0\u00bb3.7.1&Prime; custom_margin=\u00a0\u00bb0px|||\u00a0\u00bb custom_padding=\u00a0\u00bb25px||63px||false|false\u00a0\u00bb][et_pb_row use_custom_width=\u00a0\u00bbon\u00a0\u00bb custom_width_px=\u00a0\u00bb520px\u00a0\u00bb custom_padding=\u00a0\u00bb0|0px|4px|0px|false|false\u00a0\u00bb _builder_version=\u00a0\u00bb3.7.1&Prime;][et_pb_column type=\u00a0\u00bb4_4&Prime; _builder_version=\u00a0\u00bb3.7.1&Prime; parallax=\u00a0\u00bboff\u00a0\u00bb parallax_method=\u00a0\u00bbon\u00a0\u00bb][et_pb_image src=\u00a0\u00bbhttp:\/\/condigrainesloire.fr\/wp-content\/uploads\/2018\/06\/Logo-condigraines.png\u00a0\u00bb align=\u00a0\u00bbcenter\u00a0\u00bb _builder_version=\u00a0\u00bb3.7.1&Prime;][\/et_pb_image][\/et_pb_column][\/et_pb_row][et_pb_row custom_padding=\u00a0\u00bb38px|0px|0|0px|false|false\u00a0\u00bb _builder_version=\u00a0\u00bb3.7.1&Prime;][et_pb_column type=\u00a0\u00bb4_4&Prime; _builder_version=\u00a0\u00bb3.7.1&Prime; parallax=\u00a0\u00bboff\u00a0\u00bb parallax_method=\u00a0\u00bbon\u00a0\u00bb][et_pb_text _builder_version=\u00a0\u00bb3.7.1&Prime;]<\/p>\n<p style=\"text-align: center;\"><span style=\"font-size: x-large;\"><strong><span style=\"color: #3d3d3d;\">NOTRE HISTOIRE<\/span><\/strong><\/span><\/p>\n<p style=\"text-align: center;\"><span style=\"color: #3d3d3d;\">La soci\u00e9t\u00e9 SARL CONDIGRAINES LOIRE a \u00e9t\u00e9 cr\u00e9\u00e9 en Juin 2009. Au d\u00e9but l\u2019activit\u00e9 principale \u00e9tait le conditionnement de produits agricole notamment pour l\u2019industrie pharmaceutique. L\u2019activit\u00e9 s\u2019est ensuite \u00e9tendue au n\u00e9goce de c\u00e9r\u00e9ales principalement pour l\u2019oisellerie. Un d\u00e9veloppement sur l\u2019\u00e9tranger a eu lieu depuis quelques ann\u00e9es gr\u00e2ce \u00e0 la qualit\u00e9 des productions.<\/span><\/p>\n<p style=\"text-align: center;\"><span style=\"font-size: x-large;\"><strong><span style=\"color: #3d3d3d;\">NOTRE METIER<\/span><\/strong><\/span><\/p>\n<p style=\"text-align: center;\"><span style=\"color: #3d3d3d;\">La soci\u00e9t\u00e9 CONDIGRAINES LOIRE \u00e9tudie et recherche en partenariat avec les industriels des produits \u00e0 valeur ajout\u00e9e. Si pour les besoins de cette production un conditionnement est n\u00e9cessaire une ligne d\u2019ensachage nous permet de r\u00e9pondre \u00e0 cette demande<\/span><\/p>\n<p>[\/et_pb_text][\/et_pb_column][\/et_pb_row][\/et_pb_section][et_pb_section fb_built=\u00a0\u00bb1&Prime; admin_label=\u00a0\u00bbAbout Section\u00a0\u00bb _builder_version=\u00a0\u00bb3.7.1&Prime; background_color=\u00a0\u00bb#ffffff\u00a0\u00bb custom_margin=\u00a0\u00bb0px|||\u00a0\u00bb custom_padding=\u00a0\u00bb15px|0px|0|0|false|false\u00a0\u00bb][et_pb_row use_custom_width=\u00a0\u00bbon\u00a0\u00bb custom_width_px=\u00a0\u00bb1280px\u00a0\u00bb use_custom_gutter=\u00a0\u00bbon\u00a0\u00bb gutter_width=\u00a0\u00bb1&Prime; custom_padding=\u00a0\u00bb0px|0px|0|0px|false|false\u00a0\u00bb custom_margin=\u00a0\u00bb|||\u00a0\u00bb make_equal=\u00a0\u00bbon\u00a0\u00bb background_color_1=\u00a0\u00bb#232220&Prime; padding_top_1=\u00a0\u00bb80px\u00a0\u00bb padding_top_2=\u00a0\u00bb80px\u00a0\u00bb padding_top_3=\u00a0\u00bb40px\u00a0\u00bb padding_right_1=\u00a0\u00bb5%\u00a0\u00bb padding_right_2=\u00a0\u00bb5%\u00a0\u00bb padding_bottom_1=\u00a0\u00bb80px\u00a0\u00bb padding_bottom_2=\u00a0\u00bb80px\u00a0\u00bb padding_bottom_3=\u00a0\u00bb40px\u00a0\u00bb padding_left_1=\u00a0\u00bb5%\u00a0\u00bb padding_left_2=\u00a0\u00bb5%\u00a0\u00bb admin_label=\u00a0\u00bbInvolvements Row\u00a0\u00bb _builder_version=\u00a0\u00bb3.7.1&Prime; animation_style=\u00a0\u00bbflip\u00a0\u00bb animation_direction=\u00a0\u00bbright\u00a0\u00bb animation_intensity_flip=\u00a0\u00bb40%\u00a0\u00bb][et_pb_column type=\u00a0\u00bb1_2&Prime; _builder_version=\u00a0\u00bb3.0.47&Prime; padding_bottom=\u00a0\u00bb80px\u00a0\u00bb padding_left=\u00a0\u00bb5%\u00a0\u00bb padding_right=\u00a0\u00bb5%\u00a0\u00bb padding_top=\u00a0\u00bb80px\u00a0\u00bb background_color=\u00a0\u00bb#232220&Prime; parallax=\u00a0\u00bboff\u00a0\u00bb parallax_method=\u00a0\u00bbon\u00a0\u00bb][et_pb_text admin_label=\u00a0\u00bbInvolvement Title &#038; Description\u00a0\u00bb _builder_version=\u00a0\u00bb3.7.1&Prime; text_font=\u00a0\u00bbLora||||||||\u00a0\u00bb text_font_size=\u00a0\u00bb18px\u00a0\u00bb text_line_height_last_edited=\u00a0\u00bboff|desktop\u00a0\u00bb header_font=\u00a0\u00bb||||||||\u00a0\u00bb header_2_font=\u00a0\u00bb||||||||\u00a0\u00bb header_3_font=\u00a0\u00bbLora|700|||||||\u00a0\u00bb header_3_font_size=\u00a0\u00bb34px\u00a0\u00bb header_3_line_height=\u00a0\u00bb1.5em\u00a0\u00bb header_5_font=\u00a0\u00bbOswald|||on|||||\u00a0\u00bb header_5_text_color=\u00a0\u00bb#d29f68&Prime; header_5_letter_spacing=\u00a0\u00bb3px\u00a0\u00bb header_5_line_height=\u00a0\u00bb1.7em\u00a0\u00bb background_layout=\u00a0\u00bbdark\u00a0\u00bb module_alignment=\u00a0\u00bbcenter\u00a0\u00bb custom_margin=\u00a0\u00bb-20px||-40px|\u00a0\u00bb custom_padding=\u00a0\u00bb||0px|\u00a0\u00bb]<\/p>\n<h3>La Contractualisation<\/h3>\n<p><span style=\"font-size: medium;\">La clef de vo\u00fbte de notre d\u00e9marche commerciale<\/span><\/p>\n<p><span style=\"font-size: medium;\">Les march\u00e9s agricoles sont de plus en plus fluctuants et il est toujours plus difficile de s&rsquo;approvisionner en produits sp\u00e9cifiques. Dans le m\u00eame temps, les producteurs font face \u00e0 la difficult\u00e9 d&rsquo;optimiser leur assolement et de rentabiliser leurs productions.<\/span><\/p>\n<p><span style=\"font-size: medium;\">L&rsquo;offre de contractualisation de CONDIGRAINES LOIRE est une des solutions pertinentes pour diversifier et valoriser les productions des agriculteurs.<\/span><\/p>\n<p><span style=\"font-size: medium;\">CONDIGRAINES LOIRE a pour objectif d&rsquo;\u00eatre un trait d&rsquo;union dynamique et actif entre producteurs et industriels gr\u00e2ce \u00e0 la construction d&rsquo;une collaboration efficace avec les acteurs des fili\u00e8res .<\/span><\/p>\n<p>[\/et_pb_text][\/et_pb_column][et_pb_column type=\u00a0\u00bb1_2&Prime; _builder_version=\u00a0\u00bb3.0.47&Prime; padding_bottom=\u00a0\u00bb80px\u00a0\u00bb padding_left=\u00a0\u00bb5%\u00a0\u00bb padding_right=\u00a0\u00bb5%\u00a0\u00bb padding_top=\u00a0\u00bb80px\u00a0\u00bb parallax=\u00a0\u00bboff\u00a0\u00bb parallax_method=\u00a0\u00bbon\u00a0\u00bb][et_pb_text _builder_version=\u00a0\u00bb3.7.1&Prime; text_font=\u00a0\u00bb||||||||\u00a0\u00bb text_font_size=\u00a0\u00bb26px\u00a0\u00bb text_line_height=\u00a0\u00bb1.2em\u00a0\u00bb custom_margin=\u00a0\u00bb-23px||20px|\u00a0\u00bb]<\/p>\n<p><span style=\"color: #3a3a3a;\"><strong>Les nombreux avantages de la contractualisation<\/strong><\/span><\/p>\n<p>[\/et_pb_text][et_pb_text admin_label=\u00a0\u00bbInvolvement Title &#038; Description\u00a0\u00bb _builder_version=\u00a0\u00bb3.7.1&Prime; text_font=\u00a0\u00bb||||||||\u00a0\u00bb text_font_size=\u00a0\u00bb18px\u00a0\u00bb text_line_height=\u00a0\u00bb1.5em\u00a0\u00bb text_line_height_last_edited=\u00a0\u00bboff|desktop\u00a0\u00bb header_font=\u00a0\u00bb||||||||\u00a0\u00bb header_2_font=\u00a0\u00bb||||||||\u00a0\u00bb header_3_font=\u00a0\u00bbLora|700|||||||\u00a0\u00bb header_3_font_size=\u00a0\u00bb34px\u00a0\u00bb header_3_line_height=\u00a0\u00bb1.5em\u00a0\u00bb header_5_font=\u00a0\u00bbOswald|||on|||||\u00a0\u00bb header_5_text_color=\u00a0\u00bb#d29f68&Prime; header_5_letter_spacing=\u00a0\u00bb3px\u00a0\u00bb header_5_line_height=\u00a0\u00bb1.7em\u00a0\u00bb module_alignment=\u00a0\u00bbcenter\u00a0\u00bb custom_margin=\u00a0\u00bb0px||0px|\u00a0\u00bb locked=\u00a0\u00bboff\u00a0\u00bb]<\/p>\n<ul>\n<li><span style=\"font-size: medium;\">La garantie de d\u00e9bouch\u00e9s pour les producteurs<\/span><\/li>\n<li><span style=\"font-size: medium;\">La s\u00e9curisation des approvisionnements pour les industriels<\/span><\/li>\n<li><span style=\"font-size: medium;\">La qualit\u00e9 (mise aux normes) et la tra\u00e7abilit\u00e9 des produits<\/span><\/li>\n<li><span style=\"font-size: medium;\">La capacit\u00e9 de d\u00e9velopper un partenariat \u00ab producteur \/ organisme stockeur \/ industriel \u00bb afin de construire des fili\u00e8res efficaces et p\u00e9rennes<\/span><\/li>\n<\/ul>\n<p>[\/et_pb_text][\/et_pb_column][\/et_pb_row][et_pb_row use_custom_width=\u00a0\u00bbon\u00a0\u00bb custom_width_px=\u00a0\u00bb1280px\u00a0\u00bb use_custom_gutter=\u00a0\u00bbon\u00a0\u00bb gutter_width=\u00a0\u00bb1&Prime; custom_padding=\u00a0\u00bb0px|0px|0|0px|false|false\u00a0\u00bb custom_margin=\u00a0\u00bb|||\u00a0\u00bb background_color_2=\u00a0\u00bb#d29f68&Prime; padding_top_1=\u00a0\u00bb80px\u00a0\u00bb padding_top_2=\u00a0\u00bb80px\u00a0\u00bb padding_top_3=\u00a0\u00bb40px\u00a0\u00bb padding_right_1=\u00a0\u00bb5%\u00a0\u00bb padding_right_2=\u00a0\u00bb5%\u00a0\u00bb padding_bottom_1=\u00a0\u00bb80px\u00a0\u00bb padding_bottom_2=\u00a0\u00bb80px\u00a0\u00bb padding_bottom_3=\u00a0\u00bb40px\u00a0\u00bb padding_left_1=\u00a0\u00bb5%\u00a0\u00bb padding_left_2=\u00a0\u00bb5%\u00a0\u00bb disabled_on=\u00a0\u00bboff|off|off\u00a0\u00bb admin_label=\u00a0\u00bbInvolvements Row\u00a0\u00bb _builder_version=\u00a0\u00bb3.3&Prime; animation_style=\u00a0\u00bbflip\u00a0\u00bb animation_direction=\u00a0\u00bbleft\u00a0\u00bb animation_intensity_flip=\u00a0\u00bb40%\u00a0\u00bb][et_pb_column type=\u00a0\u00bb1_2&Prime; _builder_version=\u00a0\u00bb3.0.47&Prime; padding_bottom=\u00a0\u00bb80px\u00a0\u00bb padding_left=\u00a0\u00bb5%\u00a0\u00bb padding_right=\u00a0\u00bb5%\u00a0\u00bb padding_top=\u00a0\u00bb80px\u00a0\u00bb parallax=\u00a0\u00bboff\u00a0\u00bb parallax_method=\u00a0\u00bbon\u00a0\u00bb][et_pb_text _builder_version=\u00a0\u00bb3.7.1&Prime; text_font=\u00a0\u00bb||||||||\u00a0\u00bb text_font_size=\u00a0\u00bb26px\u00a0\u00bb text_line_height=\u00a0\u00bb1.2em\u00a0\u00bb custom_margin=\u00a0\u00bb-1px||20px|\u00a0\u00bb]<\/p>\n<p><span style=\"color: #3a3a3a;\"><strong>Le r\u00f4le de Condigraines Loire dans cette d\u00e9marche de contractualisation est multiple :<\/strong><\/span><\/p>\n<p>[\/et_pb_text][et_pb_text _builder_version=\u00a0\u00bb3.7.1&Prime; text_font=\u00a0\u00bb||||||||\u00a0\u00bb text_font_size=\u00a0\u00bb26px\u00a0\u00bb text_line_height=\u00a0\u00bb0.9em\u00a0\u00bb header_font=\u00a0\u00bb||||||||\u00a0\u00bb custom_margin=\u00a0\u00bb-2px||-29px|\u00a0\u00bb]<\/p>\n<ul>\n<li>\n<p><span style=\"font-size: medium;\">Comprendre les besoins des industriels et leurs imp\u00e9ratifs<\/span><\/p>\n<\/li>\n<li>\n<p><span style=\"font-size: medium;\">Analyser les demandes des producteurs et leurs contraintes<\/span><\/p>\n<\/li>\n<li>\n<p><span style=\"font-size: medium;\">Optimiser la valeur ajout\u00e9e cr\u00e9\u00e9e au sein des fili\u00e8res<\/span><\/p>\n<\/li>\n<li>\n<p><span style=\"font-size: medium;\">Assurer une interface claire, efficace et rapide entre les membres de la fili\u00e8re<\/span><\/p>\n<\/li>\n<li>\n<p><span style=\"font-size: medium;\">Formaliser les engagements pris par les diff\u00e9rents intervenants<\/span><\/p>\n<\/li>\n<li>\n<p><span style=\"font-size: medium;\">Assurer des \u00e9changes r\u00e9guliers et constructifs afin d&rsquo;am\u00e9liorer la synergie entre les parties et consolider les fili\u00e8res.<\/span><\/p>\n<\/li>\n<\/ul>\n<p>[\/et_pb_text][\/et_pb_column][et_pb_column type=\u00a0\u00bb1_2&Prime; _builder_version=\u00a0\u00bb3.0.47&Prime; padding_bottom=\u00a0\u00bb80px\u00a0\u00bb padding_left=\u00a0\u00bb5%\u00a0\u00bb padding_right=\u00a0\u00bb5%\u00a0\u00bb padding_top=\u00a0\u00bb80px\u00a0\u00bb background_color=\u00a0\u00bb#d29f68&Prime; parallax=\u00a0\u00bboff\u00a0\u00bb parallax_method=\u00a0\u00bbon\u00a0\u00bb][et_pb_text admin_label=\u00a0\u00bbInvolvement Title &#038; Description\u00a0\u00bb _builder_version=\u00a0\u00bb3.7.1&Prime; text_font=\u00a0\u00bbLora||||||||\u00a0\u00bb text_font_size=\u00a0\u00bb18px\u00a0\u00bb text_line_height=\u00a0\u00bb1.6em\u00a0\u00bb text_line_height_last_edited=\u00a0\u00bboff|desktop\u00a0\u00bb header_font=\u00a0\u00bb||||||||\u00a0\u00bb header_2_font=\u00a0\u00bb||||||||\u00a0\u00bb header_3_font=\u00a0\u00bbLora|700|||||||\u00a0\u00bb header_3_font_size=\u00a0\u00bb34px\u00a0\u00bb header_3_line_height=\u00a0\u00bb1.5em\u00a0\u00bb header_5_font=\u00a0\u00bbOswald|||on|||||\u00a0\u00bb header_5_text_color=\u00a0\u00bbrgba(255,255,255,0.4)\u00a0\u00bb header_5_letter_spacing=\u00a0\u00bb3px\u00a0\u00bb header_5_line_height=\u00a0\u00bb1.7em\u00a0\u00bb background_layout=\u00a0\u00bbdark\u00a0\u00bb module_alignment=\u00a0\u00bbcenter\u00a0\u00bb custom_margin=\u00a0\u00bb||30px|\u00a0\u00bb]<\/p>\n<h3><span style=\"font-size: x-large;\">La recherche de solution innovante<\/span><\/h3>\n<p><span style=\"font-size: medium;\">Afin de r\u00e9pondre aux demandes sp\u00e9cifiques des industriels, CONDIGRAINES LOIRE a \u00e9galement pour mission de proposer des solutions innovantes. La recherche et l&rsquo;exp\u00e9rimentation de semences sp\u00e9cifiques permettent de r\u00e9pondre aux besoins des industriels tout en int\u00e9grant les exigences agronomiques et \u00e9conomiques des producteurs. Le d\u00e9veloppement de ces semences s&rsquo;accompagne d&rsquo;un conseil et d&rsquo;un suivi techniques du champ jusqu&rsquo;\u00e0 la r\u00e9colte.<\/span><\/p>\n<p>[\/et_pb_text][\/et_pb_column][\/et_pb_row][\/et_pb_section]<\/p>\n","protected":false},"excerpt":{"rendered":"<p>NOTRE HISTOIRE La soci\u00e9t\u00e9 SARL CONDIGRAINES LOIRE a \u00e9t\u00e9 cr\u00e9\u00e9 en Juin 2009. Au d\u00e9but l\u2019activit\u00e9 principale \u00e9tait le conditionnement de produits agricole notamment pour l\u2019industrie pharmaceutique. L\u2019activit\u00e9 s\u2019est ensuite \u00e9tendue au n\u00e9goce de c\u00e9r\u00e9ales principalement pour l\u2019oisellerie. Un d\u00e9veloppement sur l\u2019\u00e9tranger a eu lieu depuis quelques ann\u00e9es gr\u00e2ce \u00e0 la qualit\u00e9 des productions. NOTRE [&hellip;]<\/p>\n","protected":false},"author":1,"featured_media":0,"parent":0,"menu_order":0,"comment_status":"closed","ping_status":"closed","template":"","meta":{"_et_pb_use_builder":"on","_et_pb_old_content":"","_et_gb_content_width":""},"yoast_head":"<!-- This site is optimized with the Yoast SEO plugin v20.6 - https:\/\/yoast.com\/wordpress\/plugins\/seo\/ -->\n<title>Pr\u00e9sentation - Condigraines Loire<\/title>\n<meta name=\"robots\" content=\"index, follow, max-snippet:-1, max-image-preview:large, max-video-preview:-1\" \/>\n<link rel=\"canonical\" href=\"https:\/\/condigrainesloire.fr\/?page_id=98\" \/>\n<meta property=\"og:locale\" content=\"fr_FR\" \/>\n<meta property=\"og:type\" content=\"article\" \/>\n<meta property=\"og:title\" content=\"Pr\u00e9sentation - Condigraines Loire\" \/>\n<meta property=\"og:description\" content=\"NOTRE HISTOIRE La soci\u00e9t\u00e9 SARL CONDIGRAINES LOIRE a \u00e9t\u00e9 cr\u00e9\u00e9 en Juin 2009. Au d\u00e9but l\u2019activit\u00e9 principale \u00e9tait le conditionnement de produits agricole notamment pour l\u2019industrie pharmaceutique. L\u2019activit\u00e9 s\u2019est ensuite \u00e9tendue au n\u00e9goce de c\u00e9r\u00e9ales principalement pour l\u2019oisellerie. Un d\u00e9veloppement sur l\u2019\u00e9tranger a eu lieu depuis quelques ann\u00e9es gr\u00e2ce \u00e0 la qualit\u00e9 des productions. NOTRE [&hellip;]\" \/>\n<meta property=\"og:url\" content=\"https:\/\/condigrainesloire.fr\/?page_id=98\" \/>\n<meta property=\"og:site_name\" content=\"Condigraines Loire\" \/>\n<meta property=\"article:modified_time\" content=\"2018-06-25T09:36:58+00:00\" \/>\n<meta name=\"twitter:card\" content=\"summary_large_image\" \/>\n<meta name=\"twitter:label1\" content=\"Dur\u00e9e de lecture estim\u00e9e\" \/>\n\t<meta name=\"twitter:data1\" content=\"7 minutes\" \/>\n<script type=\"application\/ld+json\" class=\"yoast-schema-graph\">{\"@context\":\"https:\/\/schema.org\",\"@graph\":[{\"@type\":\"WebPage\",\"@id\":\"https:\/\/condigrainesloire.fr\/?page_id=98\",\"url\":\"https:\/\/condigrainesloire.fr\/?page_id=98\",\"name\":\"Pr\u00e9sentation - Condigraines Loire\",\"isPartOf\":{\"@id\":\"https:\/\/condigrainesloire.fr\/#website\"},\"datePublished\":\"2018-06-21T14:33:18+00:00\",\"dateModified\":\"2018-06-25T09:36:58+00:00\",\"breadcrumb\":{\"@id\":\"https:\/\/condigrainesloire.fr\/?page_id=98#breadcrumb\"},\"inLanguage\":\"fr-FR\",\"potentialAction\":[{\"@type\":\"ReadAction\",\"target\":[\"https:\/\/condigrainesloire.fr\/?page_id=98\"]}]},{\"@type\":\"BreadcrumbList\",\"@id\":\"https:\/\/condigrainesloire.fr\/?page_id=98#breadcrumb\",\"itemListElement\":[{\"@type\":\"ListItem\",\"position\":1,\"name\":\"Accueil\",\"item\":\"https:\/\/condigrainesloire.fr\/\"},{\"@type\":\"ListItem\",\"position\":2,\"name\":\"Pr\u00e9sentation\"}]},{\"@type\":\"WebSite\",\"@id\":\"https:\/\/condigrainesloire.fr\/#website\",\"url\":\"https:\/\/condigrainesloire.fr\/\",\"name\":\"Condigraines Loire\",\"description\":\"\",\"potentialAction\":[{\"@type\":\"SearchAction\",\"target\":{\"@type\":\"EntryPoint\",\"urlTemplate\":\"https:\/\/condigrainesloire.fr\/?s={search_term_string}\"},\"query-input\":\"required name=search_term_string\"}],\"inLanguage\":\"fr-FR\"}]}<\/script>\n<!-- \/ Yoast SEO plugin. -->","yoast_head_json":{"title":"Pr\u00e9sentation - Condigraines Loire","robots":{"index":"index","follow":"follow","max-snippet":"max-snippet:-1","max-image-preview":"max-image-preview:large","max-video-preview":"max-video-preview:-1"},"canonical":"https:\/\/condigrainesloire.fr\/?page_id=98","og_locale":"fr_FR","og_type":"article","og_title":"Pr\u00e9sentation - Condigraines Loire","og_description":"NOTRE HISTOIRE La soci\u00e9t\u00e9 SARL CONDIGRAINES LOIRE a \u00e9t\u00e9 cr\u00e9\u00e9 en Juin 2009. Au d\u00e9but l\u2019activit\u00e9 principale \u00e9tait le conditionnement de produits agricole notamment pour l\u2019industrie pharmaceutique. L\u2019activit\u00e9 s\u2019est ensuite \u00e9tendue au n\u00e9goce de c\u00e9r\u00e9ales principalement pour l\u2019oisellerie. Un d\u00e9veloppement sur l\u2019\u00e9tranger a eu lieu depuis quelques ann\u00e9es gr\u00e2ce \u00e0 la qualit\u00e9 des productions. NOTRE [&hellip;]","og_url":"https:\/\/condigrainesloire.fr\/?page_id=98","og_site_name":"Condigraines Loire","article_modified_time":"2018-06-25T09:36:58+00:00","twitter_card":"summary_large_image","twitter_misc":{"Dur\u00e9e de lecture estim\u00e9e":"7 minutes"},"schema":{"@context":"https:\/\/schema.org","@graph":[{"@type":"WebPage","@id":"https:\/\/condigrainesloire.fr\/?page_id=98","url":"https:\/\/condigrainesloire.fr\/?page_id=98","name":"Pr\u00e9sentation - Condigraines Loire","isPartOf":{"@id":"https:\/\/condigrainesloire.fr\/#website"},"datePublished":"2018-06-21T14:33:18+00:00","dateModified":"2018-06-25T09:36:58+00:00","breadcrumb":{"@id":"https:\/\/condigrainesloire.fr\/?page_id=98#breadcrumb"},"inLanguage":"fr-FR","potentialAction":[{"@type":"ReadAction","target":["https:\/\/condigrainesloire.fr\/?page_id=98"]}]},{"@type":"BreadcrumbList","@id":"https:\/\/condigrainesloire.fr\/?page_id=98#breadcrumb","itemListElement":[{"@type":"ListItem","position":1,"name":"Accueil","item":"https:\/\/condigrainesloire.fr\/"},{"@type":"ListItem","position":2,"name":"Pr\u00e9sentation"}]},{"@type":"WebSite","@id":"https:\/\/condigrainesloire.fr\/#website","url":"https:\/\/condigrainesloire.fr\/","name":"Condigraines Loire","description":"","potentialAction":[{"@type":"SearchAction","target":{"@type":"EntryPoint","urlTemplate":"https:\/\/condigrainesloire.fr\/?s={search_term_string}"},"query-input":"required name=search_term_string"}],"inLanguage":"fr-FR"}]}},"_links":{"self":[{"href":"https:\/\/condigrainesloire.fr\/index.php?rest_route=\/wp\/v2\/pages\/98"}],"collection":[{"href":"https:\/\/condigrainesloire.fr\/index.php?rest_route=\/wp\/v2\/pages"}],"about":[{"href":"https:\/\/condigrainesloire.fr\/index.php?rest_route=\/wp\/v2\/types\/page"}],"author":[{"embeddable":true,"href":"https:\/\/condigrainesloire.fr\/index.php?rest_route=\/wp\/v2\/users\/1"}],"replies":[{"embeddable":true,"href":"https:\/\/condigrainesloire.fr\/index.php?rest_route=%2Fwp%2Fv2%2Fcomments&post=98"}],"version-history":[{"count":13,"href":"https:\/\/condigrainesloire.fr\/index.php?rest_route=\/wp\/v2\/pages\/98\/revisions"}],"predecessor-version":[{"id":344,"href":"https:\/\/condigrainesloire.fr\/index.php?rest_route=\/wp\/v2\/pages\/98\/revisions\/344"}],"wp:attachment":[{"href":"https:\/\/condigrainesloire.fr\/index.php?rest_route=%2Fwp%2Fv2%2Fmedia&parent=98"}],"curies":[{"name":"wp","href":"https:\/\/api.w.org\/{rel}","templated":true}]}}