{"id":471,"date":"2022-09-20T18:17:11","date_gmt":"2022-09-20T16:17:11","guid":{"rendered":"http:\/\/condigrainesloire.fr\/?page_id=471"},"modified":"2022-10-27T13:53:48","modified_gmt":"2022-10-27T11:53:48","slug":"balles-de-riz","status":"publish","type":"page","link":"https:\/\/condigrainesloire.fr\/?page_id=471","title":{"rendered":"Balles de Riz"},"content":{"rendered":"<p>[et_pb_section fb_built=\u00a0\u00bb1&Prime; fullwidth=\u00a0\u00bbon\u00a0\u00bb next_background_color=\u00a0\u00bb#ffffff\u00a0\u00bb admin_label=\u00a0\u00bbHeader Section\u00a0\u00bb _builder_version=\u00a0\u00bb4.16&Prime; background_color=\u00a0\u00bb#000000&Prime; bottom_divider_style=\u00a0\u00bbramp\u00a0\u00bb bottom_divider_flip=\u00a0\u00bbhorizontal\u00a0\u00bb custom_css_main_element=\u00a0\u00bbheight: 260px;||\u00a0\u00bb global_colors_info=\u00a0\u00bb{}\u00a0\u00bb][et_pb_fullwidth_header title=\u00a0\u00bbBalles de Riz\u00a0\u00bb text_orientation=\u00a0\u00bbcenter\u00a0\u00bb content_max_width=\u00a0\u00bb640px\u00a0\u00bb _builder_version=\u00a0\u00bb4.18.0&Prime; title_font=\u00a0\u00bbOswald|||on|||||\u00a0\u00bb title_font_size=\u00a0\u00bb55px\u00a0\u00bb title_letter_spacing=\u00a0\u00bb3px\u00a0\u00bb title_line_height=\u00a0\u00bb1.5em\u00a0\u00bb content_font=\u00a0\u00bbLora||||||||\u00a0\u00bb content_font_size=\u00a0\u00bb22px\u00a0\u00bb content_line_height=\u00a0\u00bb2em\u00a0\u00bb subhead_font=\u00a0\u00bbLora|700|||||||\u00a0\u00bb subhead_font_size=\u00a0\u00bb60px\u00a0\u00bb subhead_line_height=\u00a0\u00bb1.5em\u00a0\u00bb background_color=\u00a0\u00bbrgba(255,255,255,0)\u00a0\u00bb background_image=\u00a0\u00bbhttps:\/\/condigrainesloire.fr\/wp-content\/uploads\/2018\/06\/12-1.png\u00a0\u00bb custom_button_one=\u00a0\u00bbon\u00a0\u00bb button_one_text_size=\u00a0\u00bb16px\u00a0\u00bb button_one_text_color=\u00a0\u00bb#ffffff\u00a0\u00bb button_one_bg_color=\u00a0\u00bb#d29f68&Prime; button_one_border_width=\u00a0\u00bb15px\u00a0\u00bb button_one_border_color=\u00a0\u00bbrgba(210,159,104,0)\u00a0\u00bb button_one_border_radius=\u00a0\u00bb100px\u00a0\u00bb button_one_letter_spacing=\u00a0\u00bb3px\u00a0\u00bb button_one_font=\u00a0\u00bbOswald|||on|||||\u00a0\u00bb button_one_use_icon=\u00a0\u00bboff\u00a0\u00bb custom_button_two=\u00a0\u00bbon\u00a0\u00bb button_two_text_size=\u00a0\u00bb16px\u00a0\u00bb button_two_text_color=\u00a0\u00bb#ffffff\u00a0\u00bb button_two_bg_color=\u00a0\u00bbrgba(255,255,255,0.35)\u00a0\u00bb button_two_border_width=\u00a0\u00bb15px\u00a0\u00bb button_two_border_color=\u00a0\u00bbrgba(0,0,0,0)\u00a0\u00bb button_two_border_radius=\u00a0\u00bb100px\u00a0\u00bb button_two_letter_spacing=\u00a0\u00bb3px\u00a0\u00bb button_two_font=\u00a0\u00bbOswald|||on|||||\u00a0\u00bb button_two_use_icon=\u00a0\u00bboff\u00a0\u00bb custom_margin=\u00a0\u00bb|||\u00a0\u00bb custom_padding=\u00a0\u00bb90px||90px||true\u00a0\u00bb subhead_font_size_tablet=\u00a0\u00bb\u00a0\u00bb subhead_font_size_phone=\u00a0\u00bb50px\u00a0\u00bb subhead_font_size_last_edited=\u00a0\u00bbon|desktop\u00a0\u00bb custom_css_title=\u00a0\u00bbmargin-top: -45px;\u00a0\u00bb title_text_shadow_style=\u00a0\u00bbpreset3&Prime; title_text_shadow_vertical_length=\u00a0\u00bb0.1em\u00a0\u00bb title_text_shadow_color=\u00a0\u00bbrgba(0,0,0,0.78)\u00a0\u00bb button_one_border_radius_hover=\u00a0\u00bb100px\u00a0\u00bb button_one_bg_color_hover=\u00a0\u00bb#cc8d66&Prime; button_two_bg_color_hover=\u00a0\u00bb#d29f68&Prime; global_colors_info=\u00a0\u00bb{}\u00a0\u00bb button_one_text_size__hover_enabled=\u00a0\u00bboff\u00a0\u00bb button_two_text_size__hover_enabled=\u00a0\u00bboff\u00a0\u00bb button_one_text_color__hover_enabled=\u00a0\u00bboff\u00a0\u00bb button_two_text_color__hover_enabled=\u00a0\u00bboff\u00a0\u00bb button_one_border_width__hover_enabled=\u00a0\u00bboff\u00a0\u00bb button_two_border_width__hover_enabled=\u00a0\u00bboff\u00a0\u00bb button_one_border_color__hover_enabled=\u00a0\u00bboff\u00a0\u00bb button_two_border_color__hover_enabled=\u00a0\u00bboff\u00a0\u00bb button_one_border_radius__hover_enabled=\u00a0\u00bbon\u00a0\u00bb button_one_border_radius__hover=\u00a0\u00bb100px\u00a0\u00bb button_two_border_radius__hover_enabled=\u00a0\u00bboff\u00a0\u00bb button_one_letter_spacing__hover_enabled=\u00a0\u00bboff\u00a0\u00bb button_two_letter_spacing__hover_enabled=\u00a0\u00bboff\u00a0\u00bb button_one_bg_color__hover_enabled=\u00a0\u00bbon\u00a0\u00bb button_one_bg_color__hover=\u00a0\u00bb#cc8d66&Prime; button_two_bg_color__hover_enabled=\u00a0\u00bbon\u00a0\u00bb button_two_bg_color__hover=\u00a0\u00bb#d29f68&Prime;][\/et_pb_fullwidth_header][\/et_pb_section][et_pb_section fb_built=\u00a0\u00bb1&Prime; custom_padding_last_edited=\u00a0\u00bboff|desktop\u00a0\u00bb admin_label=\u00a0\u00bbHeader Section\u00a0\u00bb _builder_version=\u00a0\u00bb4.16&Prime; background_color=\u00a0\u00bb#ffffff\u00a0\u00bb custom_padding=\u00a0\u00bb2.2%|0px|65px|0px|false|false\u00a0\u00bb custom_padding_tablet=\u00a0\u00bb320px|0px|0px|0px\u00a0\u00bb box_shadow_style=\u00a0\u00bbpreset7&Prime; box_shadow_horizontal=\u00a0\u00bb0px\u00a0\u00bb box_shadow_vertical=\u00a0\u00bb-180px\u00a0\u00bb box_shadow_color=\u00a0\u00bb#f9f9f9&Prime; global_colors_info=\u00a0\u00bb{}\u00a0\u00bb][et_pb_row column_structure=\u00a0\u00bb2_5,3_5&Prime; make_equal=\u00a0\u00bbon\u00a0\u00bb admin_label=\u00a0\u00bbBasic Info Row\u00a0\u00bb _builder_version=\u00a0\u00bb4.16&Prime; background_color=\u00a0\u00bb#ffffff\u00a0\u00bb custom_margin=\u00a0\u00bb1%|||\u00a0\u00bb custom_padding=\u00a0\u00bb3px|5%|6px|5%|false|false\u00a0\u00bb border_radii=\u00a0\u00bbon|5px|5px|5px|5px\u00a0\u00bb custom_width_px=\u00a0\u00bb704px\u00a0\u00bb global_colors_info=\u00a0\u00bb{}\u00a0\u00bb][et_pb_column type=\u00a0\u00bb2_5&Prime; _builder_version=\u00a0\u00bb4.16&Prime; custom_padding=\u00a0\u00bb|||\u00a0\u00bb global_colors_info=\u00a0\u00bb{}\u00a0\u00bb custom_padding__hover=\u00a0\u00bb|||\u00a0\u00bb][et_pb_text _builder_version=\u00a0\u00bb4.18.0&Prime; text_font=\u00a0\u00bb||||||||\u00a0\u00bb text_font_size=\u00a0\u00bb22px\u00a0\u00bb text_line_height=\u00a0\u00bb1.2em\u00a0\u00bb header_font=\u00a0\u00bb||||||||\u00a0\u00bb custom_margin=\u00a0\u00bb5%|||\u00a0\u00bb global_colors_info=\u00a0\u00bb{}\u00a0\u00bb]<\/p>\n<div class=\"Again\">\n<p><span><strong><\/strong><\/span><span><strong>\u00ab Issu de l\u2019agriculture biologique \u00bb<\/strong><\/span><\/p>\n<p>Origine = France (Camargue)<\/p>\n<\/div>\n<p>[\/et_pb_text][et_pb_text _builder_version=\u00a0\u00bb4.18.0&Prime; custom_margin=\u00a0\u00bb9px|||\u00a0\u00bb global_colors_info=\u00a0\u00bb{}\u00a0\u00bb]<\/p>\n<div class=\"Again\">\n<p><span style=\"font-size: large;\">Lors du brassage des grains avec de plus grandes quantit\u00e9s de froment, d&rsquo;avoine et d&rsquo;autres c\u00e9r\u00e9ales brutes, une accumulation peut ais\u00e9ment se former \u00e0 hauteur de la couche filtrante et rendre le filtrage tr\u00e8s difficile. Face \u00e0 ce probl\u00e8me, les \u00e9corces de riz st\u00e9rilis\u00e9es \u00e0 la vapeur sont la solution par excellence. Celles-ci n&rsquo;ont aucun impact sur la saveur et servent \u00e0 am\u00e9liorer le filtrage du brassin :<br \/><\/span><\/p>\n<p><span style=\"font-size: large;\"><strong>Quand devez-vous utiliser le produit ? Si vous pr\u00e9voyez des probl\u00e8mes dans le filtrage de votre p\u00e2te :<\/strong><br \/><\/span><\/p>\n<p><span style=\"font-size: large;\">En cas d&rsquo;utilisation d&rsquo;une quantit\u00e9 importante de malt de froment (plus de 50 %) \u2013 le malt de froment ne poss\u00e8de aucune enveloppe, ce qui rend le filtrage tr\u00e8s difficile.<\/span><\/p>\n<\/div>\n<p>[\/et_pb_text][\/et_pb_column][et_pb_column type=\u00a0\u00bb3_5&Prime; _builder_version=\u00a0\u00bb4.16&Prime; custom_padding=\u00a0\u00bb|||\u00a0\u00bb global_colors_info=\u00a0\u00bb{}\u00a0\u00bb custom_padding__hover=\u00a0\u00bb|||\u00a0\u00bb][et_pb_image src=\u00a0\u00bbhttps:\/\/condigrainesloire.fr\/wp-content\/uploads\/2022\/09\/BALLES-DE-RIZ.jpg\u00a0\u00bb title_text=\u00a0\u00bbBALLES DE RIZ\u00a0\u00bb force_fullwidth=\u00a0\u00bbon\u00a0\u00bb align_tablet=\u00a0\u00bbcenter\u00a0\u00bb align_phone=\u00a0\u00bbcenter\u00a0\u00bb align_last_edited=\u00a0\u00bbon|desktop\u00a0\u00bb _builder_version=\u00a0\u00bb4.18.0&Prime; global_colors_info=\u00a0\u00bb{}\u00a0\u00bb][\/et_pb_image][et_pb_text _builder_version=\u00a0\u00bb4.18.0&Prime; custom_margin=\u00a0\u00bb9px|||\u00a0\u00bb global_colors_info=\u00a0\u00bb{}\u00a0\u00bb]<\/p>\n<div class=\"Again\">\n<p><span style=\"font-size: large;\">En cas d&rsquo;utilisation d&rsquo;une quantit\u00e9 importante de c\u00e9r\u00e9ales non malt\u00e9es (flocons).<br \/>En cas d&rsquo;utilisation de seigle (qui ne poss\u00e8de \u00e9galement aucune enveloppe, mais qui peut aussi former une sorte de \u00ab g\u00e9latine \u00bb dans votre pr\u00e9paration), le filtre peut \u00ab claquer \u00bb et provoquer ainsi l&rsquo;obstruction du liquide dans votre pr\u00e9paration (ce que l&rsquo;on appelle le \u00ab stuck sparge \u00bb). Pour emp\u00eacher ce ph\u00e9nom\u00e8ne, utilisez les \u00e9corces de riz. Elles vous assurent une couche filtrante moins compacte et donc un meilleur \u00e9coulement du liquide.<br \/><\/span><\/p>\n<p><span style=\"font-size: large;\">Utilisation du produit : max. 5 % du versement total. Le plus simple est d&#8217;emp\u00e2ter les \u00e9corces de riz (surtout avec un syst\u00e8me o\u00f9 le mo\u00fbt est pomp\u00e9 comme Braumeister, Grainfather, Brew Monk etc.)<\/span><\/p>\n<\/div>\n<p>[\/et_pb_text][et_pb_button button_url=\u00a0\u00bbhttps:\/\/condigrainesloire.fr\/wp-content\/uploads\/2022\/09\/FICHE_27_BALLE_DE_RIZ_CL.pdf\u00a0\u00bb button_text=\u00a0\u00bbT\u00e9l\u00e9charger la fiche technique\u00a0\u00bb _builder_version=\u00a0\u00bb4.18.0&Prime; _module_preset=\u00a0\u00bbdefault\u00a0\u00bb custom_button=\u00a0\u00bbon\u00a0\u00bb button_text_size=\u00a0\u00bb16px\u00a0\u00bb button_text_color=\u00a0\u00bb#000000&Prime; button_bg_color=\u00a0\u00bbRGBA(255,255,255,0)\u00a0\u00bb button_border_width=\u00a0\u00bb1px\u00a0\u00bb button_border_radius=\u00a0\u00bb9px\u00a0\u00bb global_colors_info=\u00a0\u00bb{}\u00a0\u00bb][\/et_pb_button][\/et_pb_column][\/et_pb_row][et_pb_row make_equal=\u00a0\u00bbon\u00a0\u00bb admin_label=\u00a0\u00bbBasic Info Row\u00a0\u00bb _builder_version=\u00a0\u00bb4.16&Prime; background_color=\u00a0\u00bb#ffffff\u00a0\u00bb custom_margin=\u00a0\u00bb1%|||\u00a0\u00bb custom_padding=\u00a0\u00bb3px|5%|35px|5%|false|false\u00a0\u00bb border_radii=\u00a0\u00bbon|5px|5px|5px|5px\u00a0\u00bb custom_width_px=\u00a0\u00bb704px\u00a0\u00bb global_colors_info=\u00a0\u00bb{}\u00a0\u00bb][et_pb_column type=\u00a0\u00bb4_4&Prime; _builder_version=\u00a0\u00bb4.16&Prime; custom_padding=\u00a0\u00bb|||\u00a0\u00bb global_colors_info=\u00a0\u00bb{}\u00a0\u00bb custom_padding__hover=\u00a0\u00bb|||\u00a0\u00bb][et_pb_text _builder_version=\u00a0\u00bb4.18.0&Prime; _module_preset=\u00a0\u00bbdefault\u00a0\u00bb text_font_size=\u00a0\u00bb16px\u00a0\u00bb background_color=\u00a0\u00bb#000000&Prime; background_layout=\u00a0\u00bbdark\u00a0\u00bb custom_margin=\u00a0\u00bb-1px||||false|false\u00a0\u00bb custom_padding=\u00a0\u00bb20px||20px||false|false\u00a0\u00bb border_radii=\u00a0\u00bbon|17px|17px|17px|17px\u00a0\u00bb global_colors_info=\u00a0\u00bb{}\u00a0\u00bb]<\/p>\n<p style=\"text-align: center;\"><strong>COMMANDE BALLES DE RIZ<\/strong><\/p>\n<p style=\"text-align: center;\"><strong>Renseignement au 06.99.40.09.09 <\/strong><strong>ou <\/strong><strong>par mail : matt-bigot@condigrainesloire.fr<\/strong><\/p>\n<p>[\/et_pb_text][\/et_pb_column][\/et_pb_row][\/et_pb_section]<\/p>\n","protected":false},"excerpt":{"rendered":"<p>\u00ab Issu de l\u2019agriculture biologique \u00bb Origine = France (Camargue) Lors du brassage des grains avec de plus grandes quantit\u00e9s de froment, d&rsquo;avoine et d&rsquo;autres c\u00e9r\u00e9ales brutes, une accumulation peut ais\u00e9ment se former \u00e0 hauteur de la couche filtrante et rendre le filtrage tr\u00e8s difficile. Face \u00e0 ce probl\u00e8me, les \u00e9corces de riz st\u00e9rilis\u00e9es \u00e0 [&hellip;]<\/p>\n","protected":false},"author":1,"featured_media":0,"parent":0,"menu_order":0,"comment_status":"closed","ping_status":"closed","template":"","meta":{"_et_pb_use_builder":"on","_et_pb_old_content":"","_et_gb_content_width":""},"yoast_head":"<!-- This site is optimized with the Yoast SEO plugin v20.6 - https:\/\/yoast.com\/wordpress\/plugins\/seo\/ -->\n<title>Balles de Riz - Condigraines Loire<\/title>\n<meta name=\"robots\" content=\"index, follow, max-snippet:-1, max-image-preview:large, max-video-preview:-1\" \/>\n<link rel=\"canonical\" href=\"https:\/\/condigrainesloire.fr\/?page_id=471\" \/>\n<meta property=\"og:locale\" content=\"fr_FR\" \/>\n<meta property=\"og:type\" content=\"article\" \/>\n<meta property=\"og:title\" content=\"Balles de Riz - Condigraines Loire\" \/>\n<meta property=\"og:description\" content=\"\u00ab Issu de l\u2019agriculture biologique \u00bb Origine = France (Camargue) Lors du brassage des grains avec de plus grandes quantit\u00e9s de froment, d&#039;avoine et d&#039;autres c\u00e9r\u00e9ales brutes, une accumulation peut ais\u00e9ment se former \u00e0 hauteur de la couche filtrante et rendre le filtrage tr\u00e8s difficile. Face \u00e0 ce probl\u00e8me, les \u00e9corces de riz st\u00e9rilis\u00e9es \u00e0 [&hellip;]\" \/>\n<meta property=\"og:url\" content=\"https:\/\/condigrainesloire.fr\/?page_id=471\" \/>\n<meta property=\"og:site_name\" content=\"Condigraines Loire\" \/>\n<meta property=\"article:modified_time\" content=\"2022-10-27T11:53:48+00:00\" \/>\n<meta name=\"twitter:card\" content=\"summary_large_image\" \/>\n<meta name=\"twitter:label1\" content=\"Dur\u00e9e de lecture estim\u00e9e\" \/>\n\t<meta name=\"twitter:data1\" content=\"5 minutes\" \/>\n<script type=\"application\/ld+json\" class=\"yoast-schema-graph\">{\"@context\":\"https:\/\/schema.org\",\"@graph\":[{\"@type\":\"WebPage\",\"@id\":\"https:\/\/condigrainesloire.fr\/?page_id=471\",\"url\":\"https:\/\/condigrainesloire.fr\/?page_id=471\",\"name\":\"Balles de Riz - Condigraines Loire\",\"isPartOf\":{\"@id\":\"https:\/\/condigrainesloire.fr\/#website\"},\"datePublished\":\"2022-09-20T16:17:11+00:00\",\"dateModified\":\"2022-10-27T11:53:48+00:00\",\"breadcrumb\":{\"@id\":\"https:\/\/condigrainesloire.fr\/?page_id=471#breadcrumb\"},\"inLanguage\":\"fr-FR\",\"potentialAction\":[{\"@type\":\"ReadAction\",\"target\":[\"https:\/\/condigrainesloire.fr\/?page_id=471\"]}]},{\"@type\":\"BreadcrumbList\",\"@id\":\"https:\/\/condigrainesloire.fr\/?page_id=471#breadcrumb\",\"itemListElement\":[{\"@type\":\"ListItem\",\"position\":1,\"name\":\"Accueil\",\"item\":\"https:\/\/condigrainesloire.fr\/\"},{\"@type\":\"ListItem\",\"position\":2,\"name\":\"Balles de Riz\"}]},{\"@type\":\"WebSite\",\"@id\":\"https:\/\/condigrainesloire.fr\/#website\",\"url\":\"https:\/\/condigrainesloire.fr\/\",\"name\":\"Condigraines Loire\",\"description\":\"\",\"potentialAction\":[{\"@type\":\"SearchAction\",\"target\":{\"@type\":\"EntryPoint\",\"urlTemplate\":\"https:\/\/condigrainesloire.fr\/?s={search_term_string}\"},\"query-input\":\"required name=search_term_string\"}],\"inLanguage\":\"fr-FR\"}]}<\/script>\n<!-- \/ Yoast SEO plugin. -->","yoast_head_json":{"title":"Balles de Riz - Condigraines Loire","robots":{"index":"index","follow":"follow","max-snippet":"max-snippet:-1","max-image-preview":"max-image-preview:large","max-video-preview":"max-video-preview:-1"},"canonical":"https:\/\/condigrainesloire.fr\/?page_id=471","og_locale":"fr_FR","og_type":"article","og_title":"Balles de Riz - Condigraines Loire","og_description":"\u00ab Issu de l\u2019agriculture biologique \u00bb Origine = France (Camargue) Lors du brassage des grains avec de plus grandes quantit\u00e9s de froment, d'avoine et d'autres c\u00e9r\u00e9ales brutes, une accumulation peut ais\u00e9ment se former \u00e0 hauteur de la couche filtrante et rendre le filtrage tr\u00e8s difficile. Face \u00e0 ce probl\u00e8me, les \u00e9corces de riz st\u00e9rilis\u00e9es \u00e0 [&hellip;]","og_url":"https:\/\/condigrainesloire.fr\/?page_id=471","og_site_name":"Condigraines Loire","article_modified_time":"2022-10-27T11:53:48+00:00","twitter_card":"summary_large_image","twitter_misc":{"Dur\u00e9e de lecture estim\u00e9e":"5 minutes"},"schema":{"@context":"https:\/\/schema.org","@graph":[{"@type":"WebPage","@id":"https:\/\/condigrainesloire.fr\/?page_id=471","url":"https:\/\/condigrainesloire.fr\/?page_id=471","name":"Balles de Riz - Condigraines Loire","isPartOf":{"@id":"https:\/\/condigrainesloire.fr\/#website"},"datePublished":"2022-09-20T16:17:11+00:00","dateModified":"2022-10-27T11:53:48+00:00","breadcrumb":{"@id":"https:\/\/condigrainesloire.fr\/?page_id=471#breadcrumb"},"inLanguage":"fr-FR","potentialAction":[{"@type":"ReadAction","target":["https:\/\/condigrainesloire.fr\/?page_id=471"]}]},{"@type":"BreadcrumbList","@id":"https:\/\/condigrainesloire.fr\/?page_id=471#breadcrumb","itemListElement":[{"@type":"ListItem","position":1,"name":"Accueil","item":"https:\/\/condigrainesloire.fr\/"},{"@type":"ListItem","position":2,"name":"Balles de Riz"}]},{"@type":"WebSite","@id":"https:\/\/condigrainesloire.fr\/#website","url":"https:\/\/condigrainesloire.fr\/","name":"Condigraines Loire","description":"","potentialAction":[{"@type":"SearchAction","target":{"@type":"EntryPoint","urlTemplate":"https:\/\/condigrainesloire.fr\/?s={search_term_string}"},"query-input":"required name=search_term_string"}],"inLanguage":"fr-FR"}]}},"_links":{"self":[{"href":"https:\/\/condigrainesloire.fr\/index.php?rest_route=\/wp\/v2\/pages\/471"}],"collection":[{"href":"https:\/\/condigrainesloire.fr\/index.php?rest_route=\/wp\/v2\/pages"}],"about":[{"href":"https:\/\/condigrainesloire.fr\/index.php?rest_route=\/wp\/v2\/types\/page"}],"author":[{"embeddable":true,"href":"https:\/\/condigrainesloire.fr\/index.php?rest_route=\/wp\/v2\/users\/1"}],"replies":[{"embeddable":true,"href":"https:\/\/condigrainesloire.fr\/index.php?rest_route=%2Fwp%2Fv2%2Fcomments&post=471"}],"version-history":[{"count":6,"href":"https:\/\/condigrainesloire.fr\/index.php?rest_route=\/wp\/v2\/pages\/471\/revisions"}],"predecessor-version":[{"id":509,"href":"https:\/\/condigrainesloire.fr\/index.php?rest_route=\/wp\/v2\/pages\/471\/revisions\/509"}],"wp:attachment":[{"href":"https:\/\/condigrainesloire.fr\/index.php?rest_route=%2Fwp%2Fv2%2Fmedia&parent=471"}],"curies":[{"name":"wp","href":"https:\/\/api.w.org\/{rel}","templated":true}]}}