{"id":100,"date":"2018-06-21T16:33:30","date_gmt":"2018-06-21T14:33:30","guid":{"rendered":"http:\/\/condigrainesloire.fr\/?page_id=100"},"modified":"2018-06-25T11:37:40","modified_gmt":"2018-06-25T09:37:40","slug":"localisation","status":"publish","type":"page","link":"https:\/\/condigrainesloire.fr\/?page_id=100","title":{"rendered":"Localisation"},"content":{"rendered":"<p>[et_pb_section fb_built=\u00a0\u00bb1&Prime; fullwidth=\u00a0\u00bbon\u00a0\u00bb next_background_color=\u00a0\u00bb#ffffff\u00a0\u00bb admin_label=\u00a0\u00bbHeader Section\u00a0\u00bb _builder_version=\u00a0\u00bb3.7.1&Prime; background_color=\u00a0\u00bb#000000&Prime; bottom_divider_style=\u00a0\u00bbramp\u00a0\u00bb bottom_divider_flip=\u00a0\u00bbhorizontal\u00a0\u00bb custom_css_main_element=\u00a0\u00bbheight: 260px;||\u00a0\u00bb][et_pb_fullwidth_header title=\u00a0\u00bbLocalisation\u00a0\u00bb text_orientation=\u00a0\u00bbcenter\u00a0\u00bb scroll_down_icon_color=\u00a0\u00bbrgba(255,255,255,0.6)\u00a0\u00bb content_max_width=\u00a0\u00bb640px\u00a0\u00bb _builder_version=\u00a0\u00bb3.7.1&Prime; title_font=\u00a0\u00bbOswald|||on|||||\u00a0\u00bb title_font_size=\u00a0\u00bb55px\u00a0\u00bb title_letter_spacing=\u00a0\u00bb3px\u00a0\u00bb title_line_height=\u00a0\u00bb1.5em\u00a0\u00bb title_text_shadow_style=\u00a0\u00bbpreset3&Prime; title_text_shadow_vertical_length=\u00a0\u00bb0.1em\u00a0\u00bb title_text_shadow_color=\u00a0\u00bbrgba(0,0,0,0.78)\u00a0\u00bb content_font=\u00a0\u00bbLora||||||||\u00a0\u00bb content_font_size=\u00a0\u00bb22px\u00a0\u00bb content_line_height=\u00a0\u00bb2em\u00a0\u00bb subhead_font=\u00a0\u00bbLora|700|||||||\u00a0\u00bb subhead_font_size=\u00a0\u00bb60px\u00a0\u00bb subhead_font_size_phone=\u00a0\u00bb50px\u00a0\u00bb subhead_font_size_last_edited=\u00a0\u00bbon|desktop\u00a0\u00bb subhead_line_height=\u00a0\u00bb1.5em\u00a0\u00bb background_color=\u00a0\u00bbrgba(255,255,255,0)\u00a0\u00bb background_image=\u00a0\u00bbhttp:\/\/condigrainesloire.fr\/wp-content\/uploads\/2018\/06\/12-1.png\u00a0\u00bb custom_button_two=\u00a0\u00bbon\u00a0\u00bb button_two_text_size=\u00a0\u00bb16px\u00a0\u00bb button_two_text_color=\u00a0\u00bb#ffffff\u00a0\u00bb button_two_bg_color=\u00a0\u00bbrgba(255,255,255,0.35)\u00a0\u00bb button_two_border_width=\u00a0\u00bb15px\u00a0\u00bb button_two_border_color=\u00a0\u00bbrgba(0,0,0,0)\u00a0\u00bb button_two_border_radius=\u00a0\u00bb100px\u00a0\u00bb button_two_letter_spacing=\u00a0\u00bb3px\u00a0\u00bb button_two_font=\u00a0\u00bbOswald|||on|||||\u00a0\u00bb button_two_use_icon=\u00a0\u00bboff\u00a0\u00bb button_two_bg_color_hover=\u00a0\u00bb#d29f68&Prime; custom_button_one=\u00a0\u00bbon\u00a0\u00bb button_one_text_size=\u00a0\u00bb16px\u00a0\u00bb button_one_text_color=\u00a0\u00bb#ffffff\u00a0\u00bb button_one_bg_color=\u00a0\u00bb#d29f68&Prime; button_one_border_width=\u00a0\u00bb15px\u00a0\u00bb button_one_border_color=\u00a0\u00bbrgba(210,159,104,0)\u00a0\u00bb button_one_border_radius=\u00a0\u00bb100px\u00a0\u00bb button_one_letter_spacing=\u00a0\u00bb3px\u00a0\u00bb button_one_font=\u00a0\u00bbOswald|||on|||||\u00a0\u00bb button_one_use_icon=\u00a0\u00bboff\u00a0\u00bb button_one_bg_color_hover=\u00a0\u00bb#cc8d66&Prime; button_one_border_radius_hover=\u00a0\u00bb100px\u00a0\u00bb custom_margin=\u00a0\u00bb|||\u00a0\u00bb custom_padding=\u00a0\u00bb90px||90px||true\u00a0\u00bb custom_css_title=\u00a0\u00bbmargin-top: -45px;\u00a0\u00bb][\/et_pb_fullwidth_header][\/et_pb_section][et_pb_section fb_built=\u00a0\u00bb1&Prime; custom_padding_last_edited=\u00a0\u00bboff|desktop\u00a0\u00bb admin_label=\u00a0\u00bbHeader Section\u00a0\u00bb _builder_version=\u00a0\u00bb3.7.1&Prime; background_color=\u00a0\u00bb#ffffff\u00a0\u00bb box_shadow_style=\u00a0\u00bbpreset7&Prime; box_shadow_horizontal=\u00a0\u00bb0px\u00a0\u00bb box_shadow_vertical=\u00a0\u00bb-180px\u00a0\u00bb box_shadow_color=\u00a0\u00bb#f9f9f9&Prime; custom_padding=\u00a0\u00bb2.2%|0px|65px|0px|false|false\u00a0\u00bb custom_padding_tablet=\u00a0\u00bb320px|0px|0px|0px\u00a0\u00bb][et_pb_row custom_width_px=\u00a0\u00bb704px\u00a0\u00bb custom_padding=\u00a0\u00bb3px|5%|35px|5%|false|false\u00a0\u00bb custom_margin=\u00a0\u00bb1%|||\u00a0\u00bb make_equal=\u00a0\u00bbon\u00a0\u00bb admin_label=\u00a0\u00bbBasic Info Row\u00a0\u00bb _builder_version=\u00a0\u00bb3.7.1&Prime; background_color=\u00a0\u00bb#ffffff\u00a0\u00bb border_radii=\u00a0\u00bbon|5px|5px|5px|5px\u00a0\u00bb][et_pb_column type=\u00a0\u00bb1_2&Prime; _builder_version=\u00a0\u00bb3.0.47&Prime; parallax=\u00a0\u00bboff\u00a0\u00bb parallax_method=\u00a0\u00bbon\u00a0\u00bb][et_pb_image src=\u00a0\u00bbhttp:\/\/condigrainesloire.fr\/wp-content\/uploads\/2018\/06\/CARTE-FRANCE.png\u00a0\u00bb _builder_version=\u00a0\u00bb3.7.1&Prime;][\/et_pb_image][\/et_pb_column][et_pb_column type=\u00a0\u00bb1_2&Prime; _builder_version=\u00a0\u00bb3.0.47&Prime; parallax=\u00a0\u00bboff\u00a0\u00bb parallax_method=\u00a0\u00bbon\u00a0\u00bb][et_pb_text _builder_version=\u00a0\u00bb3.7.1&Prime; text_font=\u00a0\u00bb||||||||\u00a0\u00bb text_font_size=\u00a0\u00bb34px\u00a0\u00bb text_line_height=\u00a0\u00bb1.2em\u00a0\u00bb header_font=\u00a0\u00bb||||||||\u00a0\u00bb custom_margin=\u00a0\u00bb5%|||\u00a0\u00bb]<\/p>\n<div class=\"Again\">\n<p><span><strong>Si\u00e8ge social et<br \/><\/strong><\/span><span><strong>antennes de stockage<\/strong><\/span><\/p>\n<\/div>\n<p>[\/et_pb_text][et_pb_text _builder_version=\u00a0\u00bb3.7.1&Prime; custom_margin=\u00a0\u00bb9px|||\u00a0\u00bb]<\/p>\n<div class=\"Again\">\n<p><span style=\"font-size: large;\">Afin d\u2019offrir un meilleur service \u00e0 la client\u00e8le, l\u2019entreprise se charge de la logistique afin d\u2019assurer ponctualit\u00e9 et efficacit\u00e9 des livraisons tant \u00e0 niveau national qu\u2019international (gros flux d\u00e9part des pays \u00e9trangers vers la Belgique) en utilisant les meilleurs transporteurs pr\u00e9sents sur le march\u00e9.<\/span><\/p>\n<\/div>\n<p>[\/et_pb_text][\/et_pb_column][\/et_pb_row][et_pb_row custom_width_px=\u00a0\u00bb704px\u00a0\u00bb custom_padding=\u00a0\u00bb3px|5%|41px|5%|false|false\u00a0\u00bb custom_margin=\u00a0\u00bb1%|||\u00a0\u00bb make_equal=\u00a0\u00bbon\u00a0\u00bb admin_label=\u00a0\u00bbBasic Info Row\u00a0\u00bb _builder_version=\u00a0\u00bb3.7.1&Prime; background_color=\u00a0\u00bb#ffffff\u00a0\u00bb border_radii=\u00a0\u00bbon|5px|5px|5px|5px\u00a0\u00bb][et_pb_column type=\u00a0\u00bb1_4&Prime; _builder_version=\u00a0\u00bb3.0.47&Prime; parallax=\u00a0\u00bboff\u00a0\u00bb parallax_method=\u00a0\u00bbon\u00a0\u00bb][et_pb_image src=\u00a0\u00bbhttp:\/\/condigrainesloire.fr\/wp-content\/uploads\/2018\/06\/loir-et-cher.png\u00a0\u00bb _builder_version=\u00a0\u00bb3.7.1&Prime;][\/et_pb_image][\/et_pb_column][et_pb_column type=\u00a0\u00bb1_4&Prime; _builder_version=\u00a0\u00bb3.0.47&Prime; parallax=\u00a0\u00bboff\u00a0\u00bb parallax_method=\u00a0\u00bbon\u00a0\u00bb][et_pb_image src=\u00a0\u00bbhttp:\/\/condigrainesloire.fr\/wp-content\/uploads\/2018\/06\/Indre.png\u00a0\u00bb _builder_version=\u00a0\u00bb3.7.1&Prime;][\/et_pb_image][\/et_pb_column][et_pb_column type=\u00a0\u00bb1_4&Prime; _builder_version=\u00a0\u00bb3.0.47&Prime; parallax=\u00a0\u00bboff\u00a0\u00bb parallax_method=\u00a0\u00bbon\u00a0\u00bb][et_pb_image src=\u00a0\u00bbhttp:\/\/condigrainesloire.fr\/wp-content\/uploads\/2018\/06\/indre-et-loir.png\u00a0\u00bb _builder_version=\u00a0\u00bb3.7.1&Prime;][\/et_pb_image][\/et_pb_column][et_pb_column type=\u00a0\u00bb1_4&Prime; _builder_version=\u00a0\u00bb3.0.47&Prime; parallax=\u00a0\u00bboff\u00a0\u00bb parallax_method=\u00a0\u00bbon\u00a0\u00bb][et_pb_image src=\u00a0\u00bbhttp:\/\/condigrainesloire.fr\/wp-content\/uploads\/2018\/06\/HAUTE-GARONNE.png\u00a0\u00bb _builder_version=\u00a0\u00bb3.7.1&Prime;][\/et_pb_image][\/et_pb_column][\/et_pb_row][\/et_pb_section]<\/p>\n","protected":false},"excerpt":{"rendered":"<p>Si\u00e8ge social etantennes de stockage Afin d\u2019offrir un meilleur service \u00e0 la client\u00e8le, l\u2019entreprise se charge de la logistique afin d\u2019assurer ponctualit\u00e9 et efficacit\u00e9 des livraisons tant \u00e0 niveau national qu\u2019international (gros flux d\u00e9part des pays \u00e9trangers vers la Belgique) en utilisant les meilleurs transporteurs pr\u00e9sents sur le march\u00e9.<\/p>\n","protected":false},"author":1,"featured_media":0,"parent":0,"menu_order":0,"comment_status":"closed","ping_status":"closed","template":"","meta":{"_et_pb_use_builder":"on","_et_pb_old_content":"","_et_gb_content_width":""},"yoast_head":"<!-- This site is optimized with the Yoast SEO plugin v20.6 - https:\/\/yoast.com\/wordpress\/plugins\/seo\/ -->\n<title>Localisation - Condigraines Loire<\/title>\n<meta name=\"robots\" content=\"index, follow, max-snippet:-1, max-image-preview:large, max-video-preview:-1\" \/>\n<link rel=\"canonical\" href=\"https:\/\/condigrainesloire.fr\/?page_id=100\" \/>\n<meta property=\"og:locale\" content=\"fr_FR\" \/>\n<meta property=\"og:type\" content=\"article\" \/>\n<meta property=\"og:title\" content=\"Localisation - Condigraines Loire\" \/>\n<meta property=\"og:description\" content=\"Si\u00e8ge social etantennes de stockage Afin d\u2019offrir un meilleur service \u00e0 la client\u00e8le, l\u2019entreprise se charge de la logistique afin d\u2019assurer ponctualit\u00e9 et efficacit\u00e9 des livraisons tant \u00e0 niveau national qu\u2019international (gros flux d\u00e9part des pays \u00e9trangers vers la Belgique) en utilisant les meilleurs transporteurs pr\u00e9sents sur le march\u00e9.\" \/>\n<meta property=\"og:url\" content=\"https:\/\/condigrainesloire.fr\/?page_id=100\" \/>\n<meta property=\"og:site_name\" content=\"Condigraines Loire\" \/>\n<meta property=\"article:modified_time\" content=\"2018-06-25T09:37:40+00:00\" \/>\n<meta name=\"twitter:card\" content=\"summary_large_image\" \/>\n<meta name=\"twitter:label1\" content=\"Dur\u00e9e de lecture estim\u00e9e\" \/>\n\t<meta name=\"twitter:data1\" content=\"3 minutes\" \/>\n<script type=\"application\/ld+json\" class=\"yoast-schema-graph\">{\"@context\":\"https:\/\/schema.org\",\"@graph\":[{\"@type\":\"WebPage\",\"@id\":\"https:\/\/condigrainesloire.fr\/?page_id=100\",\"url\":\"https:\/\/condigrainesloire.fr\/?page_id=100\",\"name\":\"Localisation - Condigraines Loire\",\"isPartOf\":{\"@id\":\"https:\/\/condigrainesloire.fr\/#website\"},\"datePublished\":\"2018-06-21T14:33:30+00:00\",\"dateModified\":\"2018-06-25T09:37:40+00:00\",\"breadcrumb\":{\"@id\":\"https:\/\/condigrainesloire.fr\/?page_id=100#breadcrumb\"},\"inLanguage\":\"fr-FR\",\"potentialAction\":[{\"@type\":\"ReadAction\",\"target\":[\"https:\/\/condigrainesloire.fr\/?page_id=100\"]}]},{\"@type\":\"BreadcrumbList\",\"@id\":\"https:\/\/condigrainesloire.fr\/?page_id=100#breadcrumb\",\"itemListElement\":[{\"@type\":\"ListItem\",\"position\":1,\"name\":\"Accueil\",\"item\":\"https:\/\/condigrainesloire.fr\/\"},{\"@type\":\"ListItem\",\"position\":2,\"name\":\"Localisation\"}]},{\"@type\":\"WebSite\",\"@id\":\"https:\/\/condigrainesloire.fr\/#website\",\"url\":\"https:\/\/condigrainesloire.fr\/\",\"name\":\"Condigraines Loire\",\"description\":\"\",\"potentialAction\":[{\"@type\":\"SearchAction\",\"target\":{\"@type\":\"EntryPoint\",\"urlTemplate\":\"https:\/\/condigrainesloire.fr\/?s={search_term_string}\"},\"query-input\":\"required name=search_term_string\"}],\"inLanguage\":\"fr-FR\"}]}<\/script>\n<!-- \/ Yoast SEO plugin. -->","yoast_head_json":{"title":"Localisation - Condigraines Loire","robots":{"index":"index","follow":"follow","max-snippet":"max-snippet:-1","max-image-preview":"max-image-preview:large","max-video-preview":"max-video-preview:-1"},"canonical":"https:\/\/condigrainesloire.fr\/?page_id=100","og_locale":"fr_FR","og_type":"article","og_title":"Localisation - Condigraines Loire","og_description":"Si\u00e8ge social etantennes de stockage Afin d\u2019offrir un meilleur service \u00e0 la client\u00e8le, l\u2019entreprise se charge de la logistique afin d\u2019assurer ponctualit\u00e9 et efficacit\u00e9 des livraisons tant \u00e0 niveau national qu\u2019international (gros flux d\u00e9part des pays \u00e9trangers vers la Belgique) en utilisant les meilleurs transporteurs pr\u00e9sents sur le march\u00e9.","og_url":"https:\/\/condigrainesloire.fr\/?page_id=100","og_site_name":"Condigraines Loire","article_modified_time":"2018-06-25T09:37:40+00:00","twitter_card":"summary_large_image","twitter_misc":{"Dur\u00e9e de lecture estim\u00e9e":"3 minutes"},"schema":{"@context":"https:\/\/schema.org","@graph":[{"@type":"WebPage","@id":"https:\/\/condigrainesloire.fr\/?page_id=100","url":"https:\/\/condigrainesloire.fr\/?page_id=100","name":"Localisation - Condigraines Loire","isPartOf":{"@id":"https:\/\/condigrainesloire.fr\/#website"},"datePublished":"2018-06-21T14:33:30+00:00","dateModified":"2018-06-25T09:37:40+00:00","breadcrumb":{"@id":"https:\/\/condigrainesloire.fr\/?page_id=100#breadcrumb"},"inLanguage":"fr-FR","potentialAction":[{"@type":"ReadAction","target":["https:\/\/condigrainesloire.fr\/?page_id=100"]}]},{"@type":"BreadcrumbList","@id":"https:\/\/condigrainesloire.fr\/?page_id=100#breadcrumb","itemListElement":[{"@type":"ListItem","position":1,"name":"Accueil","item":"https:\/\/condigrainesloire.fr\/"},{"@type":"ListItem","position":2,"name":"Localisation"}]},{"@type":"WebSite","@id":"https:\/\/condigrainesloire.fr\/#website","url":"https:\/\/condigrainesloire.fr\/","name":"Condigraines Loire","description":"","potentialAction":[{"@type":"SearchAction","target":{"@type":"EntryPoint","urlTemplate":"https:\/\/condigrainesloire.fr\/?s={search_term_string}"},"query-input":"required name=search_term_string"}],"inLanguage":"fr-FR"}]}},"_links":{"self":[{"href":"https:\/\/condigrainesloire.fr\/index.php?rest_route=\/wp\/v2\/pages\/100"}],"collection":[{"href":"https:\/\/condigrainesloire.fr\/index.php?rest_route=\/wp\/v2\/pages"}],"about":[{"href":"https:\/\/condigrainesloire.fr\/index.php?rest_route=\/wp\/v2\/types\/page"}],"author":[{"embeddable":true,"href":"https:\/\/condigrainesloire.fr\/index.php?rest_route=\/wp\/v2\/users\/1"}],"replies":[{"embeddable":true,"href":"https:\/\/condigrainesloire.fr\/index.php?rest_route=%2Fwp%2Fv2%2Fcomments&post=100"}],"version-history":[{"count":7,"href":"https:\/\/condigrainesloire.fr\/index.php?rest_route=\/wp\/v2\/pages\/100\/revisions"}],"predecessor-version":[{"id":347,"href":"https:\/\/condigrainesloire.fr\/index.php?rest_route=\/wp\/v2\/pages\/100\/revisions\/347"}],"wp:attachment":[{"href":"https:\/\/condigrainesloire.fr\/index.php?rest_route=%2Fwp%2Fv2%2Fmedia&parent=100"}],"curies":[{"name":"wp","href":"https:\/\/api.w.org\/{rel}","templated":true}]}}